{"id":111,"date":"2018-05-24T11:47:33","date_gmt":"2018-05-24T11:47:33","guid":{"rendered":"http:\/\/schenker.cc\/?page_id=111"},"modified":"2024-02-07T22:26:17","modified_gmt":"2024-02-07T22:26:17","slug":"anlagendatenblatt-anlage-1","status":"publish","type":"page","link":"https:\/\/www.schenker.cc\/?page_id=111","title":{"rendered":"Anlagendatenblatt &#8211; Anlage 1"},"content":{"rendered":"\n<pre class=\"wp-block-preformatted\" style=\"font-size:16px\">Nach einem Thermentausch erhalten Sie von uns ein Anlagendatenblatt Anlage 1. Es wird ben\u00f6tigt um vom Rauchfangkehrer einen g\u00fcltigen Endbefund \u00fcber Ihre Feuerst\u00e4tte zu erhalten.\nSie sollten das Anlagedatenblatt bei Ihrer Therme aufbewahren.<\/pre>\n","protected":false},"excerpt":{"rendered":"<p>Nach einem Thermentausch erhalten Sie von uns ein Anlagendatenblatt Anlage 1. Es wird ben\u00f6tigt um vom Rauchfangkehrer einen g\u00fcltigen Endbefund \u00fcber Ihre Feuerst\u00e4tte zu erhalten. Sie sollten das Anlagedatenblatt bei Ihrer Therme aufbewahren.<\/p>\n","protected":false},"author":1,"featured_media":0,"parent":0,"menu_order":0,"comment_status":"closed","ping_status":"closed","template":"","meta":{"footnotes":""},"class_list":["post-111","page","type-page","status-publish","hentry"],"_links":{"self":[{"href":"https:\/\/www.schenker.cc\/index.php?rest_route=\/wp\/v2\/pages\/111","targetHints":{"allow":["GET"]}}],"collection":[{"href":"https:\/\/www.schenker.cc\/index.php?rest_route=\/wp\/v2\/pages"}],"about":[{"href":"https:\/\/www.schenker.cc\/index.php?rest_route=\/wp\/v2\/types\/page"}],"author":[{"embeddable":true,"href":"https:\/\/www.schenker.cc\/index.php?rest_route=\/wp\/v2\/users\/1"}],"replies":[{"embeddable":true,"href":"https:\/\/www.schenker.cc\/index.php?rest_route=%2Fwp%2Fv2%2Fcomments&post=111"}],"version-history":[{"count":13,"href":"https:\/\/www.schenker.cc\/index.php?rest_route=\/wp\/v2\/pages\/111\/revisions"}],"predecessor-version":[{"id":502,"href":"https:\/\/www.schenker.cc\/index.php?rest_route=\/wp\/v2\/pages\/111\/revisions\/502"}],"wp:attachment":[{"href":"https:\/\/www.schenker.cc\/index.php?rest_route=%2Fwp%2Fv2%2Fmedia&parent=111"}],"curies":[{"name":"wp","href":"https:\/\/api.w.org\/{rel}","templated":true}]}}