{"id":130,"date":"2018-05-24T12:09:05","date_gmt":"2018-05-24T12:09:05","guid":{"rendered":"http:\/\/schenker.cc\/?page_id=130"},"modified":"2024-02-07T20:52:40","modified_gmt":"2024-02-07T20:52:40","slug":"kontakt-2","status":"publish","type":"page","link":"https:\/\/www.schenker.cc\/?page_id=130","title":{"rendered":"Kontakt"},"content":{"rendered":"<p>Josef Schenker<br \/>\nGas-Wasser-Heizung Installation GmbH<\/p>\n<p>Vereinsgasse 1<br \/>\n(B\u00fcro: Novaragasse 32)<br \/>\n1020 Wien<\/p>\n<p>Tel:\u00a0 \u00a001\/216 22 62<br \/>\nFax:\u00a0 01\/216 22 62-15<\/p>\n<p>Email: <a href=\"mailto:office@schenker.cc\">office@schenker.cc<\/a><\/p>\n<p>&nbsp;<\/p>\n<p>Anfahrt:<br \/>\nU2 bis Taborstra\u00dfe<br \/>\nU1 bis Praterstern oder Nestroyplatz<\/p>\n<p><iframe loading=\"lazy\" style=\"border: 0;\" src=\"https:\/\/www.google.com\/maps\/embed?pb=!1m18!1m12!1m3!1d2658.380290325782!2d16.383635715646886!3d48.21855137922997!2m3!1f0!2f0!3f0!3m2!1i1024!2i768!4f13.1!3m3!1m2!1s0x476d0707e26b09e7%3A0xca6538cd255c97e9!2sNovaragasse+32%2C+1020+Wien!5e0!3m2!1sde!2sat!4v1527164100853\" width=\"600\" height=\"450\" frameborder=\"0\" allowfullscreen=\"allowfullscreen\"><\/iframe><\/p>\n<p>Ein Notfall tritt ein? Au\u00dferhalb unserer \u00d6ffnungszeiten k\u00f6nnen Sie sich an unseren langj\u00e4hrigen Partner &#8222;1A Installateur&#8220; wenden.<\/p>\n<p><img loading=\"lazy\" decoding=\"async\" class=\" wp-image-359 aligncenter\" src=\"https:\/\/www.schenker.cc\/wp-content\/uploads\/2021\/12\/notruf-300x252.png\" alt=\"\" width=\"204\" height=\"171\" srcset=\"https:\/\/www.schenker.cc\/wp-content\/uploads\/2021\/12\/notruf-300x252.png 300w, https:\/\/www.schenker.cc\/wp-content\/uploads\/2021\/12\/notruf.png 600w\" sizes=\"auto, (max-width: 204px) 100vw, 204px\" \/><\/p>\n","protected":false},"excerpt":{"rendered":"<p>Josef Schenker Gas-Wasser-Heizung Installation GmbH Vereinsgasse 1 (B\u00fcro: Novaragasse 32) 1020 Wien Tel:\u00a0 \u00a001\/216 22 62 Fax:\u00a0 01\/216 22 62-15 Email: office@schenker.cc &nbsp; Anfahrt: U2 bis Taborstra\u00dfe U1 bis Praterstern oder Nestroyplatz Ein Notfall tritt ein? Au\u00dferhalb unserer \u00d6ffnungszeiten k\u00f6nnen Sie sich an unseren langj\u00e4hrigen Partner &#8222;1A Installateur&#8220; wenden.<\/p>\n","protected":false},"author":1,"featured_media":0,"parent":0,"menu_order":0,"comment_status":"closed","ping_status":"closed","template":"","meta":{"footnotes":""},"class_list":["post-130","page","type-page","status-publish","hentry"],"_links":{"self":[{"href":"https:\/\/www.schenker.cc\/index.php?rest_route=\/wp\/v2\/pages\/130","targetHints":{"allow":["GET"]}}],"collection":[{"href":"https:\/\/www.schenker.cc\/index.php?rest_route=\/wp\/v2\/pages"}],"about":[{"href":"https:\/\/www.schenker.cc\/index.php?rest_route=\/wp\/v2\/types\/page"}],"author":[{"embeddable":true,"href":"https:\/\/www.schenker.cc\/index.php?rest_route=\/wp\/v2\/users\/1"}],"replies":[{"embeddable":true,"href":"https:\/\/www.schenker.cc\/index.php?rest_route=%2Fwp%2Fv2%2Fcomments&post=130"}],"version-history":[{"count":7,"href":"https:\/\/www.schenker.cc\/index.php?rest_route=\/wp\/v2\/pages\/130\/revisions"}],"predecessor-version":[{"id":457,"href":"https:\/\/www.schenker.cc\/index.php?rest_route=\/wp\/v2\/pages\/130\/revisions\/457"}],"wp:attachment":[{"href":"https:\/\/www.schenker.cc\/index.php?rest_route=%2Fwp%2Fv2%2Fmedia&parent=130"}],"curies":[{"name":"wp","href":"https:\/\/api.w.org\/{rel}","templated":true}]}}