{"id":2,"date":"2018-05-24T08:12:16","date_gmt":"2018-05-24T08:12:16","guid":{"rendered":"http:\/\/schenker.cc\/?page_id=2"},"modified":"2024-02-07T21:57:10","modified_gmt":"2024-02-07T21:57:10","slug":"geraetewartung","status":"publish","type":"page","link":"https:\/\/www.schenker.cc\/?page_id=2","title":{"rendered":"Ger\u00e4tewartung"},"content":{"rendered":"<div><img loading=\"lazy\" decoding=\"async\" class=\"wp-image-120 size-medium alignleft\" src=\"http:\/\/schenker.cc\/wp-content\/uploads\/2018\/05\/servicepickerl-2018-215x300.png\" alt=\"\" width=\"215\" height=\"300\" srcset=\"https:\/\/www.schenker.cc\/wp-content\/uploads\/2018\/05\/servicepickerl-2018-215x300.png 215w, https:\/\/www.schenker.cc\/wp-content\/uploads\/2018\/05\/servicepickerl-2018.png 278w\" sizes=\"auto, (max-width: 215px) 100vw, 215px\" \/><\/div>\n<p style=\"text-align: left;\">Gerne f\u00fchren wir bei Ihren Gasger\u00e4ten ein Service durch. Dabei wird das Ger\u00e4t gereinigt, eingestellt, sowie auf Funktion und Dichtheit \u00fcberpr\u00fcft und ggf repariert.<\/p>\n<p>Eine regelm\u00e4\u00dfige Wartung ist f\u00fcr die Sicherheit und die Erhaltung des Ger\u00e4tes sehr wichtig und sollte j\u00e4hrlich stattfinden.<\/p>\n<p>&nbsp;<\/p>\n<p>&nbsp;<\/p>\n<p>&nbsp;<\/p>\n<p>&nbsp;<\/p>\n<p>&nbsp;<\/p>\n<p>&nbsp;<\/p>\n<p><img loading=\"lazy\" decoding=\"async\" class=\" wp-image-480 aligncenter\" src=\"https:\/\/www.schenker.cc\/wp-content\/uploads\/2024\/02\/Logos-300x120.png\" alt=\"\" width=\"358\" height=\"143\" srcset=\"https:\/\/www.schenker.cc\/wp-content\/uploads\/2024\/02\/Logos-300x120.png 300w, https:\/\/www.schenker.cc\/wp-content\/uploads\/2024\/02\/Logos.png 690w\" sizes=\"auto, (max-width: 358px) 100vw, 358px\" \/><\/p>\n<p style=\"text-align: center;\">*f\u00fcr folgende Marken stehen <strong>KEINE<\/strong> <strong>Ersatzteile<\/strong> zur Verf\u00fcgung:<br \/>\nSaunier Duval, Nordgas, Wolf (nur auf Bestellung)<br \/>\nF\u00fcr Comfort und Hermes werden KEINE Ersatzteile mehr produziert.<\/p>\n","protected":false},"excerpt":{"rendered":"<p>Gerne f\u00fchren wir bei Ihren Gasger\u00e4ten ein Service durch. Dabei wird das Ger\u00e4t gereinigt, eingestellt, sowie auf Funktion und Dichtheit \u00fcberpr\u00fcft und ggf repariert. Eine regelm\u00e4\u00dfige Wartung ist f\u00fcr die Sicherheit und die Erhaltung des Ger\u00e4tes sehr wichtig und sollte j\u00e4hrlich stattfinden. &nbsp; &nbsp; &nbsp; &nbsp; &nbsp; &nbsp; *f\u00fcr folgende Marken stehen KEINE Ersatzteile zur &hellip; <\/p>\n<p class=\"link-more\"><a href=\"https:\/\/www.schenker.cc\/?page_id=2\" class=\"more-link\"><span class=\"screen-reader-text\">\u201eGer\u00e4tewartung\u201c<\/span> weiterlesen<\/a><\/p>\n","protected":false},"author":1,"featured_media":0,"parent":0,"menu_order":0,"comment_status":"closed","ping_status":"open","template":"","meta":{"footnotes":""},"class_list":["post-2","page","type-page","status-publish","hentry"],"_links":{"self":[{"href":"https:\/\/www.schenker.cc\/index.php?rest_route=\/wp\/v2\/pages\/2","targetHints":{"allow":["GET"]}}],"collection":[{"href":"https:\/\/www.schenker.cc\/index.php?rest_route=\/wp\/v2\/pages"}],"about":[{"href":"https:\/\/www.schenker.cc\/index.php?rest_route=\/wp\/v2\/types\/page"}],"author":[{"embeddable":true,"href":"https:\/\/www.schenker.cc\/index.php?rest_route=\/wp\/v2\/users\/1"}],"replies":[{"embeddable":true,"href":"https:\/\/www.schenker.cc\/index.php?rest_route=%2Fwp%2Fv2%2Fcomments&post=2"}],"version-history":[{"count":34,"href":"https:\/\/www.schenker.cc\/index.php?rest_route=\/wp\/v2\/pages\/2\/revisions"}],"predecessor-version":[{"id":483,"href":"https:\/\/www.schenker.cc\/index.php?rest_route=\/wp\/v2\/pages\/2\/revisions\/483"}],"wp:attachment":[{"href":"https:\/\/www.schenker.cc\/index.php?rest_route=%2Fwp%2Fv2%2Fmedia&parent=2"}],"curies":[{"name":"wp","href":"https:\/\/api.w.org\/{rel}","templated":true}]}}