{"id":275,"date":"2019-11-05T14:50:49","date_gmt":"2019-11-05T14:50:49","guid":{"rendered":"http:\/\/www.schenker.cc\/?page_id=275"},"modified":"2026-01-08T06:40:23","modified_gmt":"2026-01-08T06:40:23","slug":"neue-preise-ab-1-1-2020","status":"publish","type":"page","link":"https:\/\/www.schenker.cc\/?page_id=275","title":{"rendered":"Preise"},"content":{"rendered":"\n<p class=\"has-text-align-center\"><\/p>\n\n\n\n<p class=\"has-text-align-left\"><strong>Stundens\u00e4tze<\/strong><br>Die kleinste<strong> <\/strong>berechnende Zeiteinheit betr\u00e4gt 1\/2 Stunde<\/p>\n\n\n\n<p class=\"has-text-align-left\"><\/p>\n\n\n\n<p><strong>Unsere Preisliste g\u00fcltig ab 1. J\u00e4nner 2026<\/strong><\/p>\n\n\n\n<p class=\"has-text-align-left\"><em><strong>Partie (Monteur und Helfer)<\/strong><\/em><br>Normalstunde:\u00a0\u20ac 125,- zzgl. 20% MwSt. \u20ac 150,-<\/p>\n\n\n\n<p class=\"has-text-align-left\"><strong><em>Monteur<\/em><\/strong><br>Normalstunde: \u20ac 78,- zzgl. 20% MwSt. \u20ac 93,60<\/p>\n\n\n\n<p class=\"has-text-align-left\"><strong><em>Techniker<\/em><\/strong><br>Normalstunde:\u00a0\u20ac 95,- zzgl. 20% MwSt. \u20ac 114,-<\/p>\n\n\n\n<p class=\"has-text-align-left\"><strong><em>Helfer<\/em><\/strong><br>Normalstunde:\u00a0\u20ac 47,- zzgl. 20% MwSt. \u20ac 56,40<\/p>\n\n\n\n<p class=\"has-text-align-left\"><strong><em>Anfahrtskosten<\/em><\/strong><br>F\u00fcr die Bezirke 1,3,20,21,22 stellen wir eine KFZ-Pauschale von <br> \u20ac 20,- zzgl. 20% MwSt. (\u20ac 24,- inkl.) in Rechnung<\/p>\n\n\n\n<p class=\"has-text-align-left\">F\u00fcr die Bezirke 4-19,23 (2. Bezirk KOSTENLOS!) stellen wir eine KFZ-Pauschale von <br> \u20ac 35,- zzgl. 20% MwSt. (\u20ac 42,- inkl.) in Rechnung<\/p>\n\n\n\n<p><\/p>\n\n\n\n<h2 class=\"wp-block-heading\">Kosten Gasger\u00e4te Service<\/h2>\n\n\n\n<p class=\"has-text-align-left\"><strong><em>Service f\u00fcr Kombithermen*:<\/em><\/strong><br>Pauschale: \u20ac 125,- zzgl. 20% MwSt. \u20ac 150,-<\/p>\n\n\n\n<p class=\"has-text-align-left\"><strong><em>Service f\u00fcr Brennwert-Kombithermen*:<\/em><\/strong><br>Pauschale \u20ac 135,- zzgl. 20% MwSt. \u20ac 162,-<\/p>\n\n\n\n<p class=\"has-text-align-left\"><strong><em>Service f\u00fcr Durchlauferhitzer*:<\/em><\/strong><br>Pauschale:\u00a0\u20ac 115,- zzgl. 20% MwSt. \u20ac 138,-<\/p>\n\n\n\n<p class=\"has-text-align-left\"><strong><em>Service f\u00fcr Kessel*:<\/em><\/strong><br>Pauschale: \u20ac 125,- zzgl. 20% MwSt. \u20ac 150,-<\/p>\n\n\n\n<p><strong>Anfahrtskosten beim Service: <\/strong><br>Im 2. Bezirk entstehen f\u00fcr Sie keine Anfahrtskosten.<br>in den angrenzenden Bezirken (1, 3, 20,21, 22) verrechnen wir eine KFZ Pauschale <br>von \u20ac 20,- zzgl. 20% MwSt. <strong> (\u20ac 24,- inkl.)<\/strong><\/p>\n\n\n\n<p>In den Bezirken (4-19,23) verrechnen wir eine KFZ Pauschale von<br> \u20ac 35,- zzgl. 20% MwSt. <strong>(\u20ac 42.- inkl.) <\/strong><\/p>\n\n\n\n<p>Befunde<\/p>\n\n\n\n<p class=\"has-text-align-left\"><strong><em>Abgasmessung <\/em><\/strong><em> <\/em><strong><em>(Pr\u00fcfbericht Anlage 2)**<\/em><\/strong><br>Pauschale: \u20ac 53,42 zzgl. 20% MwSt. \u20ac 64,10<\/p>\n\n\n\n<p class=\"has-text-align-left\"><strong><em>\u00dcberpr\u00fcfungsbefund f\u00fcr Kleinwasserheizer<\/em><\/strong><em>:<\/em><br>Pauschale: \u20ac 25,- zzgl. 20% MwSt. \u20ac 30,-<\/p>\n\n\n\n<p class=\"has-text-align-left\"><strong><em>\u00dcberpr\u00fcfungsbefund f\u00fcr Niederdruckgasanlagen (GK71)<\/em><\/strong><br>Pauschale:\u00a0\u20ac 140,- zzgl. 20% MwSt.\u00a0 \u20ac 168,-<\/p>\n\n\n\n<p>Die regelm\u00e4\u00dfige Abgasmessung wird von uns nur im Zuge eines Service durchgef\u00fchrt. <\/p>\n\n\n\n<p class=\"has-text-align-left\">** <a href=\"https:\/\/www.ris.bka.gv.at\/Dokumente\/LgblAuth\/LGBLA_WI_20160304_14\/LGBLA_WI_20160304_14.html\"><strong><em>Wiener Heizungs,- und Klimaanlagengesetz 2015 (seit 1.6.2016)<\/em><\/strong><\/a> in der geltenden Fassung<\/p>\n","protected":false},"excerpt":{"rendered":"<p>Stundens\u00e4tzeDie kleinste berechnende Zeiteinheit betr\u00e4gt 1\/2 Stunde Unsere Preisliste g\u00fcltig ab 1. J\u00e4nner 2026 Partie (Monteur und Helfer)Normalstunde:\u00a0\u20ac 125,- zzgl. 20% MwSt. \u20ac 150,- MonteurNormalstunde: \u20ac 78,- zzgl. 20% MwSt. \u20ac 93,60 TechnikerNormalstunde:\u00a0\u20ac 95,- zzgl. 20% MwSt. \u20ac 114,- HelferNormalstunde:\u00a0\u20ac 47,- zzgl. 20% MwSt. \u20ac 56,40 AnfahrtskostenF\u00fcr die Bezirke 1,3,20,21,22 stellen wir eine KFZ-Pauschale von &hellip; <\/p>\n<p class=\"link-more\"><a href=\"https:\/\/www.schenker.cc\/?page_id=275\" class=\"more-link\"><span class=\"screen-reader-text\">\u201ePreise\u201c<\/span> weiterlesen<\/a><\/p>\n","protected":false},"author":1,"featured_media":0,"parent":88,"menu_order":0,"comment_status":"closed","ping_status":"closed","template":"","meta":{"footnotes":""},"class_list":["post-275","page","type-page","status-publish","hentry"],"_links":{"self":[{"href":"https:\/\/www.schenker.cc\/index.php?rest_route=\/wp\/v2\/pages\/275","targetHints":{"allow":["GET"]}}],"collection":[{"href":"https:\/\/www.schenker.cc\/index.php?rest_route=\/wp\/v2\/pages"}],"about":[{"href":"https:\/\/www.schenker.cc\/index.php?rest_route=\/wp\/v2\/types\/page"}],"author":[{"embeddable":true,"href":"https:\/\/www.schenker.cc\/index.php?rest_route=\/wp\/v2\/users\/1"}],"replies":[{"embeddable":true,"href":"https:\/\/www.schenker.cc\/index.php?rest_route=%2Fwp%2Fv2%2Fcomments&post=275"}],"version-history":[{"count":52,"href":"https:\/\/www.schenker.cc\/index.php?rest_route=\/wp\/v2\/pages\/275\/revisions"}],"predecessor-version":[{"id":541,"href":"https:\/\/www.schenker.cc\/index.php?rest_route=\/wp\/v2\/pages\/275\/revisions\/541"}],"up":[{"embeddable":true,"href":"https:\/\/www.schenker.cc\/index.php?rest_route=\/wp\/v2\/pages\/88"}],"wp:attachment":[{"href":"https:\/\/www.schenker.cc\/index.php?rest_route=%2Fwp%2Fv2%2Fmedia&parent=275"}],"curies":[{"name":"wp","href":"https:\/\/api.w.org\/{rel}","templated":true}]}}