{"id":59,"date":"2018-05-24T08:59:15","date_gmt":"2018-05-24T08:59:15","guid":{"rendered":"http:\/\/schenker.cc\/?page_id=59"},"modified":"2025-01-21T07:17:28","modified_gmt":"2025-01-21T07:17:28","slug":"abgasmessung","status":"publish","type":"page","link":"https:\/\/www.schenker.cc\/?page_id=59","title":{"rendered":"Pr\u00fcfbericht f\u00fcr Feuerungsanlagen &#8211; Anlage 2 (Abgasmessung)"},"content":{"rendered":"\n<h2 class=\"wp-block-heading\"> <strong>Pr\u00fcfbericht f\u00fcr Feuerungsanlagen &#8211; Anlage 2<\/strong> <\/h2>\n\n\n<div><img loading=\"lazy\" decoding=\"async\" class=\"wp-image-118 alignleft\" src=\"http:\/\/schenker.cc\/wp-content\/uploads\/2018\/05\/Abgasmessung-2018-209x300.png\" alt=\"\" width=\"170\" height=\"244\" srcset=\"https:\/\/www.schenker.cc\/wp-content\/uploads\/2018\/05\/Abgasmessung-2018-209x300.png 209w, https:\/\/www.schenker.cc\/wp-content\/uploads\/2018\/05\/Abgasmessung-2018.png 281w\" sizes=\"auto, (max-width: 170px) 100vw, 170px\" \/><\/div>\n<div>\n<p>Dabei werden die Abgase Ihrer Gasger\u00e4te gemessen und ein \u00dcberpr\u00fcfungsbefund ausgestellt, sowie eine Pr\u00fcfplakette an Ihrem Ger\u00e4t angebracht.<\/p>\n<p>Die Abgasmessung kann entweder von Ihrem Rauchfangkehrer oder auch von uns durchgef\u00fchrt werden!<\/p>\n<\/div>\n<div>\u00a0<\/div>\n<div>\n<p>Bei Gasfeuerst\u00e4tten mit mehr als 15-26 kW muss alle 4 Jahre eine Abgasmessung durchgef\u00fchrt werden. (z.B. Thermen, Durchlauferhitzer)<\/p>\n<p><strong>Die Kosten f\u00fcr Abgasmessung betragen 64,10 \u20ac inkl. MwSt.<\/strong><\/p>\n<\/div>\n<p>Warum muss \u00fcberpr\u00fcft werden?<br \/>Die Abgasmessung ist eine wichtige Ma\u00dfnahme zur Luftreinhaltung und Energieeinsparung. Gut gewartete und eingestellte Feuerst\u00e4tten brauchen bis zu 10% weniger Energie und verbessern die Luftqualit\u00e4t durch geringe Stadtstoffemissionen. <span style=\"font-size: 1rem;\">Bei \u00dcberschreitung eines Grenzwertes, m\u00fcssen eventuelle M\u00e4ngel an Ihrem Ger\u00e4t behoben werden!<\/span><\/p>\n<p><a href=\"https:\/\/www.ris.bka.gv.at\/Dokumente\/LgblAuth\/LGBLA_WI_20160304_14\/LGBLA_WI_20160304_14.html\" target=\"_blank\" rel=\"noopener noreferrer\">NEU!!! \u00a0Wiener Heizungs und Klimaanlagengesetz 2015<\/a><\/p>\n<p><img loading=\"lazy\" decoding=\"async\" class=\"alignnone size-medium wp-image-224\" src=\"https:\/\/www.schenker.cc\/wp-content\/uploads\/2018\/05\/wartung_reparatur_web_3-300x216.jpg\" alt=\"\" width=\"300\" height=\"216\" srcset=\"https:\/\/www.schenker.cc\/wp-content\/uploads\/2018\/05\/wartung_reparatur_web_3-300x216.jpg 300w, https:\/\/www.schenker.cc\/wp-content\/uploads\/2018\/05\/wartung_reparatur_web_3.jpg 510w\" sizes=\"auto, (max-width: 300px) 100vw, 300px\" \/><\/p>","protected":false},"excerpt":{"rendered":"<p>Pr\u00fcfbericht f\u00fcr Feuerungsanlagen &#8211; Anlage 2 Dabei werden die Abgase Ihrer Gasger\u00e4te gemessen und ein \u00dcberpr\u00fcfungsbefund ausgestellt, sowie eine Pr\u00fcfplakette an Ihrem Ger\u00e4t angebracht. Die Abgasmessung kann entweder von Ihrem Rauchfangkehrer oder auch von uns durchgef\u00fchrt werden! \u00a0 Bei Gasfeuerst\u00e4tten mit mehr als 15-26 kW muss alle 4 Jahre eine Abgasmessung durchgef\u00fchrt werden. (z.B. Thermen, &hellip; <\/p>\n<p class=\"link-more\"><a href=\"https:\/\/www.schenker.cc\/?page_id=59\" class=\"more-link\"><span class=\"screen-reader-text\">\u201ePr\u00fcfbericht f\u00fcr Feuerungsanlagen &#8211; Anlage 2 (Abgasmessung)\u201c<\/span> weiterlesen<\/a><\/p>\n","protected":false},"author":1,"featured_media":0,"parent":0,"menu_order":0,"comment_status":"closed","ping_status":"closed","template":"","meta":{"footnotes":""},"class_list":["post-59","page","type-page","status-publish","hentry"],"_links":{"self":[{"href":"https:\/\/www.schenker.cc\/index.php?rest_route=\/wp\/v2\/pages\/59","targetHints":{"allow":["GET"]}}],"collection":[{"href":"https:\/\/www.schenker.cc\/index.php?rest_route=\/wp\/v2\/pages"}],"about":[{"href":"https:\/\/www.schenker.cc\/index.php?rest_route=\/wp\/v2\/types\/page"}],"author":[{"embeddable":true,"href":"https:\/\/www.schenker.cc\/index.php?rest_route=\/wp\/v2\/users\/1"}],"replies":[{"embeddable":true,"href":"https:\/\/www.schenker.cc\/index.php?rest_route=%2Fwp%2Fv2%2Fcomments&post=59"}],"version-history":[{"count":11,"href":"https:\/\/www.schenker.cc\/index.php?rest_route=\/wp\/v2\/pages\/59\/revisions"}],"predecessor-version":[{"id":534,"href":"https:\/\/www.schenker.cc\/index.php?rest_route=\/wp\/v2\/pages\/59\/revisions\/534"}],"wp:attachment":[{"href":"https:\/\/www.schenker.cc\/index.php?rest_route=%2Fwp%2Fv2%2Fmedia&parent=59"}],"curies":[{"name":"wp","href":"https:\/\/api.w.org\/{rel}","templated":true}]}}