{"id":62,"date":"2018-05-24T08:59:15","date_gmt":"2018-05-24T08:59:15","guid":{"rendered":"http:\/\/schenker.cc\/?page_id=62"},"modified":"2024-02-08T13:35:40","modified_gmt":"2024-02-08T13:35:40","slug":"unternehmen","status":"publish","type":"page","link":"https:\/\/www.schenker.cc\/?page_id=62","title":{"rendered":"Unternehmen"},"content":{"rendered":"<p>Die Firma Schenker ist seit \u00fcber 80 Jahren, und bereits in der 4. Generation ein erfolgreicher Familienbetrieb.<\/p>\n<p>Anfang 2022 wurde der Betrieb von Michael Schenker und Claudia Kromp \u00fcbernommen. Davor f\u00fchrte Josef Schenker die Firma von 1978-2022.<\/p>\n<p>Seit Jahrzehnten k\u00f6nnen wir auf eine erfolgreiche Zeit zur\u00fcckblicken und<br \/>\nsind seit vielen Jahren Mitglied bei den <a href=\"http:\/\/www.installateure.at\/1a-Installateure_-_2015_Oesterreichweit-Suche-Detail.asp?id=2303520\">1a Installateuren<\/a>.<\/p>\n<p>Wir freuen uns \u00fcber viele weitere erfolgreiche Jahre!<\/p>\n<p>&nbsp;<\/p>\n<p><img loading=\"lazy\" decoding=\"async\" class=\"wp-image-462 alignleft\" style=\"font-size: 1rem;\" src=\"https:\/\/www.schenker.cc\/wp-content\/uploads\/2024\/02\/Screenshot_20240207_220244_Chrome-300x213.jpg\" alt=\"\" width=\"246\" height=\"175\" srcset=\"https:\/\/www.schenker.cc\/wp-content\/uploads\/2024\/02\/Screenshot_20240207_220244_Chrome-300x213.jpg 300w, https:\/\/www.schenker.cc\/wp-content\/uploads\/2024\/02\/Screenshot_20240207_220244_Chrome-768x544.jpg 768w, https:\/\/www.schenker.cc\/wp-content\/uploads\/2024\/02\/Screenshot_20240207_220244_Chrome.jpg 969w\" sizes=\"auto, (max-width: 246px) 100vw, 246px\" \/><img loading=\"lazy\" decoding=\"async\" class=\"wp-image-461 alignleft\" style=\"font-size: 1rem;\" src=\"https:\/\/www.schenker.cc\/wp-content\/uploads\/2024\/02\/Screenshot_20240207_220237_Chrome-216x300.jpg\" alt=\"\" width=\"167\" height=\"232\" srcset=\"https:\/\/www.schenker.cc\/wp-content\/uploads\/2024\/02\/Screenshot_20240207_220237_Chrome-216x300.jpg 216w, https:\/\/www.schenker.cc\/wp-content\/uploads\/2024\/02\/Screenshot_20240207_220237_Chrome-739x1024.jpg 739w, https:\/\/www.schenker.cc\/wp-content\/uploads\/2024\/02\/Screenshot_20240207_220237_Chrome-768x1065.jpg 768w, https:\/\/www.schenker.cc\/wp-content\/uploads\/2024\/02\/Screenshot_20240207_220237_Chrome.jpg 968w\" sizes=\"auto, (max-width: 167px) 100vw, 167px\" \/><\/p>\n<p><img loading=\"lazy\" decoding=\"async\" class=\"wp-image-463 alignright\" style=\"font-size: 1rem;\" src=\"https:\/\/www.schenker.cc\/wp-content\/uploads\/2024\/02\/Screenshot_20240207_220233_Chrome-300x225.jpg\" alt=\"\" width=\"240\" height=\"180\" srcset=\"https:\/\/www.schenker.cc\/wp-content\/uploads\/2024\/02\/Screenshot_20240207_220233_Chrome-300x225.jpg 300w, https:\/\/www.schenker.cc\/wp-content\/uploads\/2024\/02\/Screenshot_20240207_220233_Chrome-768x577.jpg 768w, https:\/\/www.schenker.cc\/wp-content\/uploads\/2024\/02\/Screenshot_20240207_220233_Chrome.jpg 975w\" sizes=\"auto, (max-width: 240px) 100vw, 240px\" \/><\/p>\n<p>&nbsp;<\/p>\n","protected":false},"excerpt":{"rendered":"<p>Die Firma Schenker ist seit \u00fcber 80 Jahren, und bereits in der 4. Generation ein erfolgreicher Familienbetrieb. Anfang 2022 wurde der Betrieb von Michael Schenker und Claudia Kromp \u00fcbernommen. Davor f\u00fchrte Josef Schenker die Firma von 1978-2022. Seit Jahrzehnten k\u00f6nnen wir auf eine erfolgreiche Zeit zur\u00fcckblicken und sind seit vielen Jahren Mitglied bei den 1a &hellip; <\/p>\n<p class=\"link-more\"><a href=\"https:\/\/www.schenker.cc\/?page_id=62\" class=\"more-link\"><span class=\"screen-reader-text\">\u201eUnternehmen\u201c<\/span> weiterlesen<\/a><\/p>\n","protected":false},"author":1,"featured_media":0,"parent":0,"menu_order":0,"comment_status":"closed","ping_status":"closed","template":"","meta":{"footnotes":""},"class_list":["post-62","page","type-page","status-publish","hentry"],"_links":{"self":[{"href":"https:\/\/www.schenker.cc\/index.php?rest_route=\/wp\/v2\/pages\/62","targetHints":{"allow":["GET"]}}],"collection":[{"href":"https:\/\/www.schenker.cc\/index.php?rest_route=\/wp\/v2\/pages"}],"about":[{"href":"https:\/\/www.schenker.cc\/index.php?rest_route=\/wp\/v2\/types\/page"}],"author":[{"embeddable":true,"href":"https:\/\/www.schenker.cc\/index.php?rest_route=\/wp\/v2\/users\/1"}],"replies":[{"embeddable":true,"href":"https:\/\/www.schenker.cc\/index.php?rest_route=%2Fwp%2Fv2%2Fcomments&post=62"}],"version-history":[{"count":8,"href":"https:\/\/www.schenker.cc\/index.php?rest_route=\/wp\/v2\/pages\/62\/revisions"}],"predecessor-version":[{"id":503,"href":"https:\/\/www.schenker.cc\/index.php?rest_route=\/wp\/v2\/pages\/62\/revisions\/503"}],"wp:attachment":[{"href":"https:\/\/www.schenker.cc\/index.php?rest_route=%2Fwp%2Fv2%2Fmedia&parent=62"}],"curies":[{"name":"wp","href":"https:\/\/api.w.org\/{rel}","templated":true}]}}